{"id":295,"date":"2021-07-17T03:26:42","date_gmt":"2021-07-17T03:26:42","guid":{"rendered":"https:\/\/businessbr.spacesixpm.com\/?page_id=295"},"modified":"2026-02-14T22:36:44","modified_gmt":"2026-02-15T01:36:44","slug":"sobre-nos","status":"publish","type":"page","link":"https:\/\/onbusinessbr.com\/en\/sobre-nos\/","title":{"rendered":"ABOUT US"},"content":{"rendered":"<div data-elementor-type=\"wp-page\" data-elementor-id=\"295\" class=\"elementor elementor-295\" data-elementor-post-type=\"page\">\n\t\t\t\t<div class=\"elementor-element elementor-element-00b25c4 e-flex e-con-boxed e-con e-parent\" data-id=\"00b25c4\" data-element_type=\"container\" data-e-type=\"container\" data-settings=\"{&quot;background_background&quot;:&quot;classic&quot;,&quot;jet_parallax_layout_list&quot;:[]}\">\n\t\t\t\t\t<div class=\"e-con-inner\">\n\t\t<div class=\"elementor-element elementor-element-1416cc5 e-flex e-con-boxed e-con e-child\" data-id=\"1416cc5\" data-element_type=\"container\" data-e-type=\"container\" data-settings=\"{&quot;jet_parallax_layout_list&quot;:[]}\">\n\t\t\t\t\t<div class=\"e-con-inner\">\n\t\t\t\t<div class=\"elementor-element elementor-element-3d7baab elementor-widget elementor-widget-heading\" data-id=\"3d7baab\" data-element_type=\"widget\" data-e-type=\"widget\" data-widget_type=\"heading.default\">\n\t\t\t\t<div class=\"elementor-widget-container\">\n\t\t\t\t\t<h2 class=\"elementor-heading-title elementor-size-default\">ABOUT US<\/h2>\t\t\t\t<\/div>\n\t\t\t\t<\/div>\n\t\t\t\t<div class=\"elementor-element elementor-element-62a2e15 elementor-widget elementor-widget-text-editor\" data-id=\"62a2e15\" data-element_type=\"widget\" data-e-type=\"widget\" data-widget_type=\"text-editor.default\">\n\t\t\t\t<div class=\"elementor-widget-container\">\n\t\t\t\t\t\t\t\t\t<p>We specialize in the purchase and sale of fish, seafood, and supplies for Japanese cuisine, offering complete solutions for companies looking to grow in both domestic and international markets.<\/p><p>We help your company establish its own import operations, from planning to execution, connecting you with reliable and certified suppliers in the international market.<\/p><p>We also support foreign companies interested in introducing their products into the Brazilian market, providing strategic and operational assistance at every stage of the process, with safety, efficiency, and regulatory compliance.<\/p><p>Our goal is to simplify operations, reduce risks, and build strong, long-lasting business partnerships.<\/p>\t\t\t\t\t\t\t\t<\/div>\n\t\t\t\t<\/div>\n\t\t\t\t\t<\/div>\n\t\t\t\t<\/div>\n\t\t\t\t\t<\/div>\n\t\t\t\t<\/div>\n\t\t\t\t<\/div>","protected":false},"excerpt":{"rendered":"<p>QUEM SOMOS Somos especializados na compra e venda de pescados, frutos do mar e insumos para culin\u00e1ria japonesa, oferecendo solu\u00e7\u00f5es completas para empresas que desejam crescer no mercado nacional e internacional. Auxiliamos sua empresa a iniciar a pr\u00f3pria opera\u00e7\u00e3o de importa\u00e7\u00e3o, desde o planejamento at\u00e9 a execu\u00e7\u00e3o, conectando voc\u00ea a fornecedores confi\u00e1veis e certificados no [&hellip;]<\/p>\n","protected":false},"author":5,"featured_media":0,"parent":0,"menu_order":0,"comment_status":"closed","ping_status":"closed","template":"elementor_header_footer","meta":{"footnotes":""},"class_list":["post-295","page","type-page","status-publish","hentry","wpbf-post"],"_links":{"self":[{"href":"https:\/\/onbusinessbr.com\/en\/wp-json\/wp\/v2\/pages\/295","targetHints":{"allow":["GET"]}}],"collection":[{"href":"https:\/\/onbusinessbr.com\/en\/wp-json\/wp\/v2\/pages"}],"about":[{"href":"https:\/\/onbusinessbr.com\/en\/wp-json\/wp\/v2\/types\/page"}],"author":[{"embeddable":true,"href":"https:\/\/onbusinessbr.com\/en\/wp-json\/wp\/v2\/users\/5"}],"replies":[{"embeddable":true,"href":"https:\/\/onbusinessbr.com\/en\/wp-json\/wp\/v2\/comments?post=295"}],"version-history":[{"count":128,"href":"https:\/\/onbusinessbr.com\/en\/wp-json\/wp\/v2\/pages\/295\/revisions"}],"predecessor-version":[{"id":1817,"href":"https:\/\/onbusinessbr.com\/en\/wp-json\/wp\/v2\/pages\/295\/revisions\/1817"}],"wp:attachment":[{"href":"https:\/\/onbusinessbr.com\/en\/wp-json\/wp\/v2\/media?parent=295"}],"curies":[{"name":"wp","href":"https:\/\/api.w.org\/{rel}","templated":true}]}}